{"id":603,"date":"2022-09-11T20:17:22","date_gmt":"2022-09-11T20:17:22","guid":{"rendered":"https:\/\/voluntar.frf.ro\/?page_id=603"},"modified":"2022-09-21T15:26:35","modified_gmt":"2022-09-21T15:26:35","slug":"privacy-policy","status":"publish","type":"page","link":"https:\/\/voluntar.frf.ro\/en\/privacy-policy\/","title":{"rendered":"Privacy Policy"},"content":{"rendered":"\n<p>Aceasta este politica noastre privind colectarea, utilizarea \u0219i dezv\u0103luirea datelor cu caracter personal atunci c\u00e2nd accesa\u021bi site-ul nostru&nbsp;<\/p>\n\n\n\n<p><strong>FEDERA\u021aIA ROM\u00c2N\u0102 DE FOTBAL<\/strong>&nbsp;se angajeaz\u0103 ferm s\u0103 protejeze intimitatea vizitatorilor \u0219i utilizatorilor serviciilor&nbsp;<strong>www.voluntar.frf.ro<\/strong>&nbsp;, \u00eempreun\u0103 cu \u00eemputernici\u021bii \u0219i\/sau sponsorii no\u0219tri.&nbsp;<\/p>\n\n\n\n<p>Ne str\u0103duim s\u0103 oferim un mediu sigur \u0219i prietenos pentru to\u021bi utilizatorii site-ului .<\/p>\n\n\n\n<h2 class=\"wp-block-heading\">DEFINI\u021aII<\/h2>\n\n\n\n<p>\u2022&nbsp;<strong>FEDERA\u021aIA ROM\u00c2N\u0102 DE FOTBAL<\/strong>&nbsp;(<strong>F.R.F.<\/strong>&nbsp;) este Operator de date cu caracter personal \u0219i de\u021bine site-ul&nbsp;<strong>www.voluntar.frf.ro<\/strong>.&nbsp;<\/p>\n\n\n\n<ul class=\"wp-block-list\"><li>Termeni de adresare , \u201cnoi\u201d \u00eenseamn\u0103&nbsp;<strong>F.R.F.<\/strong><\/li><\/ul>\n\n\n\n<p>\u2022 Utilizatorul (\u201cdvs.\u201d) se refer\u0103 la vizitatorul&nbsp;<strong>www.voluntar.frf.ro<\/strong>&nbsp;care face obiectul colect\u0103rii de date cu caracter personal.<\/p>\n\n\n\n<p>\u2022 \u2019\u2019Serviciul\u2019\u2019 (serviciile) se refer\u0103 la folosirea de c\u0103tre utilizator a site-ului&nbsp;<strong>www.voluntar.frf.ro<\/strong>&nbsp;\u00een general \u0219i pentru orice scop.<\/p>\n\n\n\n<p>\u2022 Contul se refer\u0103 la un anumit set de acredit\u0103ri de autentificare \u0219i toate informa\u021biile asociate cu acesta.<\/p>\n\n\n\n<p>\u2022 Date personale \u00eenseamn\u0103 informa\u021bii care poate fi identificabile cu o persoan\u0103 vizat\u0103 .<\/p>\n\n\n\n<p>\u2022 Datele de utilizare sunt date colectate automat fie generate de utilizarea Serviciului, fie de infrastructura Serviciului \u00eensu\u0219i (de exemplu, durata unei vizite de pagin\u0103).<\/p>\n\n\n\n<p>\u2022 Cookie-urile sunt mici fragmente de date stocate pe dispozitivul utilizatorului.<\/p>\n\n\n\n<p>\u2022 Subiectul datelor este orice persoan\u0103 vizat\u0103 care face obiectul colect\u0103rii de Date cu caracter personal.<\/p>\n\n\n\n<p>\u2022 Operator de date \u00eenseamn\u0103 o persoan\u0103 care (fie singur\u0103, fie \u00een comun cu alte persoane) determin\u0103 scopurile pentru care \u0219i modul \u00een care datele personale sunt sau urmeaz\u0103 s\u0103 fie procesate.&nbsp;<\/p>\n\n\n\n<p>\u2022 Persoan\u0103 \u00cemputernicit\u0103 (sau furnizor de servicii) \u00eenseamn\u0103 orice persoan\u0103 (alta dec\u00e2t un angajat al operatorului de date) care proceseaz\u0103 datele \u00een numele Operatorului de date. Putem folosi serviciile diferi\u021bilor furnizori de servicii pentru a v\u0103 prelucra datele mai eficient.<\/p>\n\n\n\n<h2 class=\"wp-block-heading\">COLECTAREA \u0218I UTILIZAREA INFORMA\u021aIILOR<\/h2>\n\n\n\n<p>Colect\u0103m mai multe tipuri diferite de informa\u021bii \u00een diverse scopuri pentru a v\u0103 oferi \u0219i a \u00eembun\u0103t\u0103\u021bi serviciul nostru.<\/p>\n\n\n\n<p><strong><em>Date identificare \u0219i contact<\/em><\/strong>&nbsp;: \u00cen timp ce utiliza\u021bi&nbsp;<strong>www.voluntar.frf.ro&nbsp;<\/strong>, v\u0103 rug\u0103m s\u0103 ne furniza\u021bi anumite informa\u021bii de identificare personal\u0103 care pot fi folosite pentru a v\u0103 contacta sau identifica (\u201cDate personale\u201d).&nbsp;<\/p>\n\n\n\n<p>Informa\u021biile care pot fi identificate personal pot include, dar nu se limiteaz\u0103 la:<\/p>\n\n\n\n<ul class=\"wp-block-list\"><li>Adresa de email<\/li><li>Nume, prenume<\/li><li>Telefon<\/li><li>Data na\u0219terii<\/li><li>Cookie-uri \u0219i date de utilizare<\/li><\/ul>\n\n\n\n<p><strong><em>Date de utilizare<\/em><\/strong>: De asemenea, este posibil s\u0103 colect\u0103m informa\u021bii despre modul \u00een care&nbsp;<strong>www.voluntar.frf.ro<\/strong>&nbsp;este accesat \u0219i utilizat (\u201cDate de utilizare\u201d). Aceste date de utilizare pot include informa\u021bii precum adresa IP a computerului dvs. ,tipul de browser, versiunea browser-ului, paginile pe care le vizita\u021bi, ora \u0219i data vizitei dvs., timpul petrecut pentru vizualizarea fiec\u0103rei pagini, identificatori unici de dispozitiv \u0219i alte date de diagnosticare.<\/p>\n\n\n\n<p><strong><em>Datele de urm\u0103rire \u0219i cookie-uri<\/em><\/strong>: Utiliz\u0103m cookie-uri \u0219i tehnologii de urm\u0103rire similare pentru a urm\u0103ri activitatea pe&nbsp;<strong>www.voluntar.frf.ro<\/strong>&nbsp;\u0219i pentru a re\u021bine anumite informa\u021bii ce urmeaz\u0103 a fi folosite \u00een scopuri statistice . Fi\u0219ierele cookie sunt fi\u0219iere cu cantit\u0103\u021bi mici de date care pot include un identificator unic anonim. Cookie-urile sunt trimise \u00een browser-ul dvs. de pe un site web \u0219i stocate pe dispozitiv. Tehnicile de urm\u0103rire utilizate sunt de asemenea balize, etichete \u0219i scripturi pentru colectarea \u0219i urm\u0103rirea informa\u021biilor \u0219i pentru \u00eembun\u0103t\u0103\u021birea \u0219i analizarea Serviciului nostru. Pute\u021bi instrui browser-ul dvs. s\u0103 refuze toate cookie-urile sau s\u0103 indice c\u00e2nd este trimis un cookie. Cu toate acestea, dac\u0103 nu accepta\u021bi cookie-urile, este posibil s\u0103 nu pute\u021bi utiliza anumite por\u021biuni ale Serviciului nostru.<\/p>\n\n\n\n<h2 class=\"wp-block-heading\">UTILIZAREA DATELOR<\/h2>\n\n\n\n<p><strong>F.R.F.<\/strong>&nbsp;folose\u0219te datele colectate de la vizitatorii site-ului \u00een diverse scopuri:<\/p>\n\n\n\n<ul class=\"wp-block-list\"><li>\u00cenregistrarea participan\u021bilor la programele de voluntariat ale<strong>&nbsp;F.R.F.<\/strong>&nbsp;;<\/li><li>Realizarea oric\u0103ror demersuri privind desf\u0103\u0219urarea programelor F.R.F.;<\/li><li>Pentru a v\u0103 oferi acces la platforma noastr\u0103, informa\u021bii speciale \u0219i date generale ;<\/li><li>Securizarea \u0219i \u00eentre\u021binerea platformei ;<\/li><li>Pentru a v\u0103 informa \u00een leg\u0103tur\u0103 cu orice modific\u0103ri aduse acestei Politici de&nbsp;&nbsp;<\/li><\/ul>\n\n\n\n<p>&nbsp;&nbsp;&nbsp;&nbsp;&nbsp;&nbsp;&nbsp;confiden\u021bialitate ;&nbsp;<\/p>\n\n\n\n<ul class=\"wp-block-list\"><li>Pentru a v\u0103 permite s\u0103 participa\u021bi , atunci c\u00e2nd alege\u021bi s\u0103 face\u021bi acest lucru ,la Serviciile&nbsp;&nbsp;<\/li><\/ul>\n\n\n\n<p>&nbsp;&nbsp;&nbsp;&nbsp;&nbsp;&nbsp;&nbsp;puse la dispozi\u021bia dvs. pe platform\u0103 ;&nbsp;<\/p>\n\n\n\n<ul class=\"wp-block-list\"><li>Asigurarea interac\u021biunii cu utilizatorii \u0219i oferirea de asisten\u021b\u0103 c\u00e2nd acest lucru este necesar ;<\/li><li>Colectarea \u0219i\/sau analizarea anumitor informa\u021bii pentru a ne putea \u00eembun\u0103t\u0103\u021bi Serviciul ;<\/li><li>Monitorizarea utiliz\u0103rii platformei \u0219i pre\u00eent\u00e2mpinarea unor ac\u021biuni ilegale ;<\/li><li>Detectarea \u0219i prevenirea oric\u0103ror probleme de ordin tehnic ;<\/li><\/ul>\n\n\n\n<p>Putem folosi datele personale pentru a v\u0103 contacta cu buletine de \u0219tiri, materiale de marketing sau promo\u021bionale \u0219i alte informa\u021bii care ar putea fi de interes pentru dvs.&nbsp;<\/p>\n\n\n\n<p>Deschiderea unui cont pe platforma&nbsp;<strong>www.voluntar.frf.ro<\/strong>&nbsp;se face numai cu acordul dvs. liber exprimat \u00een temeiul Art.6(1)lit.a) din GDPR.&nbsp;<\/p>\n\n\n\n<p>Pute\u021bi renun\u021ba la primirea oric\u0103rei , sau a tuturor acestor comunic\u0103ri de la noi urm\u00e2nd linkul de dezabonare sau instruc\u021biunile furnizate \u00een orice e-mail pe care \u00eel trimitem.<\/p>\n\n\n\n<h2 class=\"wp-block-heading\">RETEN\u021aIA DATELOR<\/h2>\n\n\n\n<p><strong>F.R.F.<\/strong>&nbsp;va p\u0103stra datele dvs. personale numai at\u00e2ta timp c\u00e2t este necesar pentru atingerea scopurilor stabilite \u00een aceast\u0103 Politic\u0103 de confiden\u021bialitate.&nbsp;<\/p>\n\n\n\n<p>Vom p\u0103stra \u0219i vom utiliza datele dvs. personale \u00een m\u0103sura necesar\u0103 pentru a ne conforma obliga\u021biilor legale (de exemplu, dac\u0103 suntem obliga\u021bi s\u0103 p\u0103str\u0103m datele dvs. \u00een conformitate cu legile aplicabile), s\u0103 solu\u021bion\u0103m litigii \u0219i s\u0103 punem \u00een aplicare acordurile \u0219i politicile noastre legale.<\/p>\n\n\n\n<p><strong>F.R.F<\/strong>&nbsp;va p\u0103stra, de asemenea, date de utilizare pentru scopuri de analiz\u0103 intern\u0103. Datele de utilizare sunt, \u00een general, p\u0103strate pentru o perioad\u0103 mai scurt\u0103 de timp, cu excep\u021bia cazului \u00een care aceste date sunt folosite pentru a consolida securitatea sau pentru a \u00eembun\u0103t\u0103\u021bi func\u021bionalitatea Serviciului nostru sau suntem obliga\u021bi din punct de vedere legal s\u0103 p\u0103str\u0103m aceste date pentru perioade mai lungi de timp.<\/p>\n\n\n\n<h2 class=\"wp-block-heading\">TRANSFERUL DATELOR<\/h2>\n\n\n\n<p>Datele dvs. personale, pot fi transferate pe sisteme informatice aflate \u00een afara \u021b\u0103rii, aflate \u00een alte jurisdic\u021bii guvernamentale \u00een care legile privind protec\u021bia datelor pot fi diferite de cele din UE . Acordul dvs. cu privire la aceast\u0103 politic\u0103 de confiden\u021bialitate, reprezint\u0103 confirmarea cu privire la respectivul transfer.&nbsp;<\/p>\n\n\n\n<p><strong>F.R.F<\/strong>&nbsp;va lua toate m\u0103surile necesare \u00een mod rezonabil pentru a v\u0103 asigura c\u0103 datele dvs. sunt tratate \u00een siguran\u021b\u0103 \u0219i \u00een conformitate cu aceast\u0103 Politic\u0103 de confiden\u021bialitate \u0219i c\u0103 nu va avea loc transferul datelor dvs. personale c\u0103tre o organiza\u021bie sau o \u021bar\u0103 dec\u00e2t dac\u0103 exist\u0103 controale adecvate, datele dvs. \u0219i alte informa\u021bii personale.<\/p>\n\n\n\n<h2 class=\"wp-block-heading\">TRANSMITEREA DATELOR<\/h2>\n\n\n\n<p>\u00cen anumite circumstan\u021be,&nbsp;<strong>F.R.F<\/strong>&nbsp;poate fi obligat\u0103 s\u0103 v\u0103 dezv\u0103luie datele dvs. personale, dac\u0103 acest lucru este cerut prin lege, sau ca r\u0103spuns la solicit\u0103rile oficiale primite din partea autorit\u0103\u021bilor publice (de exemplu, o instan\u021b\u0103 sau o agen\u021bie guvernamental\u0103).<\/p>\n\n\n\n<p><strong>F.R.F<\/strong>&nbsp;v\u0103 poate dezv\u0103lui datele personale \u00een convingerea c\u0103 aceast\u0103 ac\u021biune este necesar\u0103 pentru:<\/p>\n\n\n\n<ul class=\"wp-block-list\"><li>a respecta o obliga\u021bie legal\u0103 ;<\/li><li>a proteja \u0219i ap\u0103ra drepturilor sau proprietatea intelectual\u0103 a&nbsp;<strong>F.R.F ;<\/strong><\/li><li>a preveni sau a investiga posibilele nereguli \u00een leg\u0103tur\u0103 cu func\u021bionarea platformei ;<\/li><li>a proteja siguran\u021ba personal\u0103 a utilizatorilor sau a vizitatorilor atunci c\u00e2nd viziteaz\u0103 site-ul<strong>&nbsp;F.R.F<\/strong>&nbsp;;<\/li><li>a-\u0219i proteja interesele legitime ;<\/li><\/ul>\n\n\n\n<h2 class=\"wp-block-heading\">SECURITATEA DATELOR<\/h2>\n\n\n\n<p>Siguran\u021ba datelor dvs. este important\u0103 pentru noi, \u00eens\u0103 nu uita\u021bi c\u0103 nici o metod\u0103 de transmitere prin Internet sau o metod\u0103 de stocare electronic\u0103 nu este 100% sigur\u0103. \u00cen timp ce ne str\u0103duim s\u0103 folosim mijloace acceptabile din punct de vedere comercial pentru a v\u0103 proteja datele personale, nu putem garanta securitatea absolut\u0103.<\/p>\n\n\n\n<h2 class=\"wp-block-heading\">DREPTURILE TALE<\/h2>\n\n\n\n<p><strong>F.R.F<\/strong>&nbsp;ia m\u0103suri rezonabile pentru a v\u0103 permite s\u0103 corecta\u021bi, s\u0103 modifica\u021bi, s\u0103 \u0219terge\u021bi sau s\u0103&nbsp; limita\u021bi utilizarea datelor dvs. personale.&nbsp;<\/p>\n\n\n\n<p>Ori de c\u00e2te ori este posibil, v\u0103 pute\u021bi actualiza datele personale direct \u00een sec\u021biunea de set\u0103ri a contului. Dac\u0103 nu v\u0103 pute\u021bi modifica datele personale, v\u0103 rug\u0103m s\u0103 ne contacta\u021bi pentru a face modific\u0103rile necesare.&nbsp;<\/p>\n\n\n\n<p>Dac\u0103 dori\u021bi s\u0103 fi\u021bi informa\u021bi cu privire la datele personale pe care le de\u021binem despre dvs. \u0219i dac\u0103 dori\u021bi s\u0103 fie eliminate din sistemele noastre, v\u0103 rug\u0103m s\u0103 ne contacta\u021bi.<\/p>\n\n\n\n<p>\u00cen anumite circumstan\u021be, ave\u021bi dreptul:<\/p>\n\n\n\n<ul class=\"wp-block-list\"><li>de a accesa \u0219i a primi o copie a datelor personale prelucrate de c\u0103tre&nbsp;<strong>F.R.F&nbsp;<\/strong>;<\/li><li>de a corecta orice date personale despre tine care sunt inexacte ;<\/li><li>de a solicita \u0219tergerea datelor personale prelucrate de c\u0103tre&nbsp;<strong>F.R.F<\/strong>&nbsp;\u00een leg\u0103tur\u0103 cu dvs. ;<\/li><li>la portabilitatea datelor personale&nbsp; , la cererea persoanei vizate c\u0103tre un ter\u021b , \u00eentr-un format electronic utilizat \u00een mod obi\u0219nuit, astfel \u00eenc\u00e2t s\u0103 \u00eel pute\u021bi gestiona u\u0219or ;&nbsp;<\/li><\/ul>\n\n\n\n<p>V\u0103 rug\u0103m s\u0103 re\u021bine\u021bi c\u0103 v\u0103 vom cere s\u0103 v\u0103 proba\u021bi identitatea \u00eenainte de a r\u0103spunde la astfel de solicit\u0103ri.<\/p>\n\n\n\n<h2 class=\"wp-block-heading\">PRESTATORI DE SERVICII<\/h2>\n\n\n\n<p>Putem angaja \u00eemputernici\u021bi (\u201cFurnizori de servicii\u201d), s\u0103 faciliteze buna func\u021bionare a site-ului . S\u0103 furnizeze servicii \u00een numele nostru, s\u0103 analizeze modul \u00een care este folosit Serviciul nostru. Aceste ter\u021be p\u0103r\u021bi au acces la datele dvs. personale numai pentru a \u00eendeplini aceste sarcini \u00een numele&nbsp;<strong>F.R.F<\/strong>&nbsp;\u0219i sunt obligate s\u0103 nu le dezv\u0103luie sau s\u0103 nu le utilizeze \u00een niciun alt scop.<\/p>\n\n\n\n<p>Este posibil s\u0103 folosim Google Analytics pentru a monitoriza \u0219i analiza utilizarea Serviciului nostru.<\/p>\n\n\n\n<p>Google Analytics este un serviciu de analiz\u0103 web oferit de Google care urm\u0103re\u0219te \u0219i raporteaz\u0103 traficul pe site. Google utilizeaz\u0103 datele colectate pentru a urm\u0103ri \u0219i monitoriza utilizarea Serviciului nostru. Aceste date sunt partajate cu alte servicii Google. Google poate utiliza datele colectate pentru contextualizarea \u0219i personalizarea anun\u021burilor din propria re\u021bea de publicitate. Pute\u021bi s\u0103 renun\u021ba\u021bi la serviciul Google Analytics prin instalarea programului de completare Google Analytics de renun\u021bare. Acest add-on \u00eempiedic\u0103 JavaScript-ul Google Analytics (ga.js, analytics.js \u0219i dc.js) s\u0103 partajeze informa\u021bii cu Google Analytics despre activitatea de vizite. Pentru mai multe informa\u021bii despre practicile de confiden\u021bialitate ale Google, accesa\u021bi pagina de web Google privind confiden\u021bialitatea \u0219i termenii: http:\/\/www.google.com\/intl\/ro\/policies\/privacy\/<\/p>\n\n\n\n<h2 class=\"wp-block-heading\">DATE PERSONALE ALE UNUI MINOR<\/h2>\n\n\n\n<p>Serviciul nostru se poate adresa \u0219i persoanelor sub 18 ani (\u201cCopii\u201d).&nbsp;<\/p>\n\n\n\n<p>Acordul privind prelucrarea datelor personale ale minorului trebuie asigurat de c\u0103tre p\u0103rinte sau reprezentantul legal al acestuia .<\/p>\n\n\n\n<p>Nu colect\u0103m cu bun\u0103 \u0219tiin\u021b\u0103 informa\u021bii de identificare personal\u0103 de la persoane care nu au \u00eemplinit v\u00e2rsta de 18 ani.&nbsp;<\/p>\n\n\n\n<p>Dac\u0103 sunte\u021bi p\u0103rinte sau reprezentant legal al unui minor \u0219i sunte\u021bi con\u0219tient c\u0103 copilul\/copiii dvs. ne-au furnizat date personale, v\u0103 rug\u0103m s\u0103 ne contacta\u021bi.&nbsp;<\/p>\n\n\n\n<p>Dac\u0103 constat\u0103m c\u0103 am colectat date personale de la copii f\u0103r\u0103 verificarea acordului p\u0103rin\u021bilor, lu\u0103m m\u0103suri pentru a elimina acele informa\u021bii de pe serverele noastre.<\/p>\n\n\n\n<h2 class=\"wp-block-heading\">MODIFIC\u0102RI LA ACEAST\u0102 POLITIC\u0102 DE CONFIDEN\u021aIALITATE<\/h2>\n\n\n\n<p>Ne rezerv\u0103m dreptul de a actualiza Politica de confiden\u021bialitate din c\u00e2nd \u00een c\u00e2nd. V\u0103 vom notifica despre orice modificare prin publicarea noii Politici de confiden\u021bialitate pe aceast\u0103 pagin\u0103.&nbsp;<\/p>\n\n\n\n<p>V\u0103 recomand\u0103m s\u0103 revizui\u021bi periodic aceast\u0103 Politic\u0103 de confiden\u021bialitate pentru orice modific\u0103ri. Modific\u0103rile la aceast\u0103 Politic\u0103 de confiden\u021bialitate vor intra \u00een vigoare atunci c\u00e2nd vor fi afi\u0219ate pe aceast\u0103 pagin\u0103.<\/p>\n\n\n\n<h2 class=\"wp-block-heading\">CONTACTEAZA-NE<\/h2>\n\n\n\n<p>Dac\u0103 ave\u021bi \u00eentreb\u0103ri sau reclama\u021bii privind respectarea drepturilor dvs. sau ale minorului ce \u00eel reprezenta\u021bi, sau legate de aceast\u0103 Politic\u0103 de confiden\u021bialitate, v\u0103 rug\u0103m s\u0103 contacta\u021bi Responsabilul cu Protec\u021bia Datelor prin e-mail la adresa :&nbsp;<strong>adrian.magda@gdprservicii.ro<\/strong><\/p>\n","protected":false},"excerpt":{"rendered":"<p>Aceasta este politica noastre privind colectarea, utilizarea \u0219i dezv\u0103luirea datelor cu caracter personal atunci c\u00e2nd accesa\u021bi site-ul nostru&nbsp; FEDERA\u021aIA ROM\u00c2N\u0102 DE FOTBAL&nbsp;se angajeaz\u0103 ferm s\u0103 protejeze intimitatea vizitatorilor \u0219i utilizatorilor serviciilor&nbsp;www.voluntar.frf.ro&nbsp;, \u00eempreun\u0103 cu \u00eemputernici\u021bii \u0219i\/sau sponsorii no\u0219tri.&nbsp; Ne str\u0103duim s\u0103 oferim un mediu sigur \u0219i prietenos pentru to\u021bi utilizatorii site-ului . DEFINI\u021aII \u2022&nbsp;FEDERA\u021aIA ROM\u00c2N\u0102 DE [&hellip;]<\/p>\n","protected":false},"author":1,"featured_media":0,"parent":0,"menu_order":0,"comment_status":"closed","ping_status":"open","template":"","meta":{"inline_featured_image":false,"footnotes":""},"class_list":["post-603","page","type-page","status-publish","hentry"],"acf":[],"yoast_head":"<!-- This site is optimized with the Yoast SEO plugin v24.1 - https:\/\/yoast.com\/wordpress\/plugins\/seo\/ -->\n<title>Privacy Policy - FRF Voluntari<\/title>\n<meta name=\"robots\" content=\"index, follow, max-snippet:-1, max-image-preview:large, max-video-preview:-1\" \/>\n<link rel=\"canonical\" href=\"https:\/\/voluntar.frf.ro\/en\/privacy-policy\/\" \/>\n<meta property=\"og:locale\" content=\"en_US\" \/>\n<meta property=\"og:type\" content=\"article\" \/>\n<meta property=\"og:title\" content=\"Privacy Policy - FRF Voluntari\" \/>\n<meta property=\"og:description\" content=\"Aceasta este politica noastre privind colectarea, utilizarea \u0219i dezv\u0103luirea datelor cu caracter personal atunci c\u00e2nd accesa\u021bi site-ul nostru&nbsp; FEDERA\u021aIA ROM\u00c2N\u0102 DE FOTBAL&nbsp;se angajeaz\u0103 ferm s\u0103 protejeze intimitatea vizitatorilor \u0219i utilizatorilor serviciilor&nbsp;www.voluntar.frf.ro&nbsp;, \u00eempreun\u0103 cu \u00eemputernici\u021bii \u0219i\/sau sponsorii no\u0219tri.&nbsp; Ne str\u0103duim s\u0103 oferim un mediu sigur \u0219i prietenos pentru to\u021bi utilizatorii site-ului . DEFINI\u021aII \u2022&nbsp;FEDERA\u021aIA ROM\u00c2N\u0102 DE [&hellip;]\" \/>\n<meta property=\"og:url\" content=\"https:\/\/voluntar.frf.ro\/en\/privacy-policy\/\" \/>\n<meta property=\"og:site_name\" content=\"FRF Voluntari\" \/>\n<meta property=\"article:modified_time\" content=\"2022-09-21T15:26:35+00:00\" \/>\n<meta name=\"twitter:card\" content=\"summary_large_image\" \/>\n<meta name=\"twitter:label1\" content=\"Est. reading time\" \/>\n\t<meta name=\"twitter:data1\" content=\"10 minutes\" \/>\n<script type=\"application\/ld+json\" class=\"yoast-schema-graph\">{\"@context\":\"https:\/\/schema.org\",\"@graph\":[{\"@type\":\"WebPage\",\"@id\":\"https:\/\/voluntar.frf.ro\/en\/privacy-policy\/\",\"url\":\"https:\/\/voluntar.frf.ro\/en\/privacy-policy\/\",\"name\":\"Privacy Policy - FRF Voluntari\",\"isPartOf\":{\"@id\":\"https:\/\/voluntar.frf.ro\/en\/#website\"},\"datePublished\":\"2022-09-11T20:17:22+00:00\",\"dateModified\":\"2022-09-21T15:26:35+00:00\",\"breadcrumb\":{\"@id\":\"https:\/\/voluntar.frf.ro\/en\/privacy-policy\/#breadcrumb\"},\"inLanguage\":\"en-US\",\"potentialAction\":[{\"@type\":\"ReadAction\",\"target\":[\"https:\/\/voluntar.frf.ro\/en\/privacy-policy\/\"]}]},{\"@type\":\"BreadcrumbList\",\"@id\":\"https:\/\/voluntar.frf.ro\/en\/privacy-policy\/#breadcrumb\",\"itemListElement\":[{\"@type\":\"ListItem\",\"position\":1,\"name\":\"Prima pagin\u0103\",\"item\":\"https:\/\/voluntar.frf.ro\/en\/\"},{\"@type\":\"ListItem\",\"position\":2,\"name\":\"Privacy Policy\"}]},{\"@type\":\"WebSite\",\"@id\":\"https:\/\/voluntar.frf.ro\/en\/#website\",\"url\":\"https:\/\/voluntar.frf.ro\/en\/\",\"name\":\"FRF Voluntari\",\"description\":\"Team Behind the Team\",\"potentialAction\":[{\"@type\":\"SearchAction\",\"target\":{\"@type\":\"EntryPoint\",\"urlTemplate\":\"https:\/\/voluntar.frf.ro\/en\/?s={search_term_string}\"},\"query-input\":{\"@type\":\"PropertyValueSpecification\",\"valueRequired\":true,\"valueName\":\"search_term_string\"}}],\"inLanguage\":\"en-US\"}]}<\/script>\n<!-- \/ Yoast SEO plugin. -->","yoast_head_json":{"title":"Privacy Policy - FRF Voluntari","robots":{"index":"index","follow":"follow","max-snippet":"max-snippet:-1","max-image-preview":"max-image-preview:large","max-video-preview":"max-video-preview:-1"},"canonical":"https:\/\/voluntar.frf.ro\/en\/privacy-policy\/","og_locale":"en_US","og_type":"article","og_title":"Privacy Policy - FRF Voluntari","og_description":"Aceasta este politica noastre privind colectarea, utilizarea \u0219i dezv\u0103luirea datelor cu caracter personal atunci c\u00e2nd accesa\u021bi site-ul nostru&nbsp; FEDERA\u021aIA ROM\u00c2N\u0102 DE FOTBAL&nbsp;se angajeaz\u0103 ferm s\u0103 protejeze intimitatea vizitatorilor \u0219i utilizatorilor serviciilor&nbsp;www.voluntar.frf.ro&nbsp;, \u00eempreun\u0103 cu \u00eemputernici\u021bii \u0219i\/sau sponsorii no\u0219tri.&nbsp; Ne str\u0103duim s\u0103 oferim un mediu sigur \u0219i prietenos pentru to\u021bi utilizatorii site-ului . DEFINI\u021aII \u2022&nbsp;FEDERA\u021aIA ROM\u00c2N\u0102 DE [&hellip;]","og_url":"https:\/\/voluntar.frf.ro\/en\/privacy-policy\/","og_site_name":"FRF Voluntari","article_modified_time":"2022-09-21T15:26:35+00:00","twitter_card":"summary_large_image","twitter_misc":{"Est. reading time":"10 minutes"},"schema":{"@context":"https:\/\/schema.org","@graph":[{"@type":"WebPage","@id":"https:\/\/voluntar.frf.ro\/en\/privacy-policy\/","url":"https:\/\/voluntar.frf.ro\/en\/privacy-policy\/","name":"Privacy Policy - FRF Voluntari","isPartOf":{"@id":"https:\/\/voluntar.frf.ro\/en\/#website"},"datePublished":"2022-09-11T20:17:22+00:00","dateModified":"2022-09-21T15:26:35+00:00","breadcrumb":{"@id":"https:\/\/voluntar.frf.ro\/en\/privacy-policy\/#breadcrumb"},"inLanguage":"en-US","potentialAction":[{"@type":"ReadAction","target":["https:\/\/voluntar.frf.ro\/en\/privacy-policy\/"]}]},{"@type":"BreadcrumbList","@id":"https:\/\/voluntar.frf.ro\/en\/privacy-policy\/#breadcrumb","itemListElement":[{"@type":"ListItem","position":1,"name":"Prima pagin\u0103","item":"https:\/\/voluntar.frf.ro\/en\/"},{"@type":"ListItem","position":2,"name":"Privacy Policy"}]},{"@type":"WebSite","@id":"https:\/\/voluntar.frf.ro\/en\/#website","url":"https:\/\/voluntar.frf.ro\/en\/","name":"FRF Voluntari","description":"Team Behind the Team","potentialAction":[{"@type":"SearchAction","target":{"@type":"EntryPoint","urlTemplate":"https:\/\/voluntar.frf.ro\/en\/?s={search_term_string}"},"query-input":{"@type":"PropertyValueSpecification","valueRequired":true,"valueName":"search_term_string"}}],"inLanguage":"en-US"}]}},"_links":{"self":[{"href":"https:\/\/voluntar.frf.ro\/en\/wp-json\/wp\/v2\/pages\/603","targetHints":{"allow":["GET"]}}],"collection":[{"href":"https:\/\/voluntar.frf.ro\/en\/wp-json\/wp\/v2\/pages"}],"about":[{"href":"https:\/\/voluntar.frf.ro\/en\/wp-json\/wp\/v2\/types\/page"}],"author":[{"embeddable":true,"href":"https:\/\/voluntar.frf.ro\/en\/wp-json\/wp\/v2\/users\/1"}],"replies":[{"embeddable":true,"href":"https:\/\/voluntar.frf.ro\/en\/wp-json\/wp\/v2\/comments?post=603"}],"version-history":[{"count":0,"href":"https:\/\/voluntar.frf.ro\/en\/wp-json\/wp\/v2\/pages\/603\/revisions"}],"wp:attachment":[{"href":"https:\/\/voluntar.frf.ro\/en\/wp-json\/wp\/v2\/media?parent=603"}],"curies":[{"name":"wp","href":"https:\/\/api.w.org\/{rel}","templated":true}]}}