{"id":590,"date":"2022-09-21T14:44:14","date_gmt":"2022-09-21T14:44:14","guid":{"rendered":"https:\/\/voluntar.frf.ro\/?page_id=590"},"modified":"2022-09-21T15:33:34","modified_gmt":"2022-09-21T15:33:34","slug":"terms-and-conditions","status":"publish","type":"page","link":"https:\/\/voluntar.frf.ro\/en\/terms-and-conditions\/","title":{"rendered":"Terms and Conditions"},"content":{"rendered":"\n<p>Condi\u021bii generale pentru utilizarea site-ului www.voluntar.frf.ro<\/p>\n\n\n\n<h2 class=\"wp-block-heading\">1. Acceptarea condi\u021biilor \u0219i serviciilor<\/h2>\n\n\n\n<p>Prin accesarea acestui site web \u0219i\/sau oric\u0103rei pagini a acestuia sunte\u021bi de acord cu aceste condi\u021bii de utilizare. Dac\u0103 nu sunte\u021bi de acord cu termenii \u0219i condi\u021biile, v\u0103 rug\u0103m s\u0103 nu utiliza\u021bi acest site.<\/p>\n\n\n\n<p>Accesul dvs. \u0219i utilizarea website-ului nostru sunt supuse \u0219i reglementate de toate legile \u0219i regulamentele \u00een materie \u0219i ace\u0219ti termeni \u0219i condi\u021bii de utilizare, inclusiv orice politici sau alte condi\u021bii men\u021bionate \u00een prezentul document \u0219i disponibile \u00een website, conform modific\u0103rilor intervenite \u00een decursul timpului. V\u0103 rug\u0103m s\u0103 citi\u021bi ace\u0219ti Termeni cu aten\u021bie. Dac\u0103 nu sunte\u021bi de acord cu ace\u0219tia, v\u0103 rug\u0103m s\u0103 nu folosi\u021bi website-ul nostru. Dac\u0103 ve\u021bi continua s\u0103 utiliza\u021bi website-ul nostru, vom considera c\u0103 a\u021bi acceptat termenii \u0219i condi\u021biile. \u00cenainte de a ne oferi date cu caracter personal (inclusiv adresa de e-mail) prin intermediul website-ului nostru, vi se va solicita \u00een mod specific s\u0103 accepta\u021bi termenii \u0219i condi\u021biile. Prin acceptarea acestora, sunte\u021bi de acord s\u0103 respecta\u021bi termenii \u0219i condi\u021biile \u00een versiunea publicat\u0103 pe website-ul nostru, la momentul vizitei dvs.<br>Prin bifarea c\u0103su\u021bei \u201c<em>Accept termenii \u0219i condi\u021biile<\/em>\u201d v\u0103 declara\u021bi acordul dvs. cu privire la prezentele condi\u021bii ale website-ului nostru. Eventualele condi\u021bii pe care utilizatorul ar dori s\u0103 le impun\u0103 termenilor \u0219i condi\u021biilor acestui website sunt automat excluse \u0219i nu vor fi recunoscute.<\/p>\n\n\n\n<h2 class=\"wp-block-heading\">2. Utilizare permis\u0103<\/h2>\n\n\n\n<p>2.1 Utilizatorul este de acord c\u0103 are autoriza\u021bie din partea FRF numai de a vizita \u0219i\/sau de\u021bine o copie a paginilor acestui website strict pentru uzul s\u0103u personal \u0219i c\u0103 nu va duplica, desc\u0103rca, publica, modifica sau distribui \u00een alt fel materialul de pe acest site pentru alt scop dec\u00e2t acela de a revizualiza informa\u021bii privind metode de lucru predestinate voluntarilor, cu excep\u021bia autoriz\u0103rii speciale din partea FRF de a proceda altfel. Con\u021binutul \u0219i software-ul de pe acest website sunt&nbsp;proprietatea FRF \u0219i\/sau a furnizorilor s\u0103i \u0219i&nbsp;sunt protejate de legile rom\u00e2ne \u0219i interna\u021bionale de copyright.<\/p>\n\n\n\n<p>2.2 FRF \u00ee\u0219i rezerv\u0103 dreptul de a aduce modific\u0103ri \u00een orice moment website-ului \u0219i Termenilor \u0219i condi\u021biilor prin publicarea acestora \u00een website f\u0103r\u0103 nici o alt\u0103 notificare. Schimb\u0103rile importante vor fi comunicate \u00een maniera adecvat\u0103. Asigura\u021bi-v\u0103 c\u0103 reciti\u021bi Termenii \u0219i condi\u021biile \u00een mod regulat deoarece dac\u0103 accesa\u021bi sau utiliza\u021bi acest website se va considera c\u0103 a\u021bi fost de acord cu termenii \u0219i condi\u021biile \u00een versiunea publicat\u0103 \u00een website-ul www.voluntar.frf.ro la momentul vizitei dvs.<\/p>\n\n\n\n<h2 class=\"wp-block-heading\">3. Descrierea serviciilor oferite \u2013 Condi\u021bii<\/h2>\n\n\n\n<p>3.1 Website-ul www.voluntar.frf.ro pune la dispozi\u021bia utilizatorilor servicii de informare \u0219i metode de lucru \u00een scop informativ.<\/p>\n\n\n\n<p>Platforma de voluntari a FRF ofer\u0103 posibilitatea utilizatorului de \u00eenscriere \u00een programul TBTT, &nbsp;\u0219i de informare cu privire la domeniul de interes al website-ului www.voluntar.frf.ro prin articole de specialitate. Toate informa\u021biile \u0219i datele din cadrul website-ului nostru au scop informativ \u0219i \u00een cadrul informa\u021biilor de pe site pot ap\u0103rea gre\u0219eli.&nbsp;<\/p>\n\n\n\n<p>3.2 Nu pute\u021bi utiliza website-ul www.voluntar.frf.ro \u00een niciun fel care \u00eencalc\u0103 orice lege sau reglementare local\u0103, na\u021bional\u0103 sau interna\u021bional\u0103 aplicabil\u0103, care d\u0103uneaz\u0103 reputa\u021biei noastre sau a website-ului, care este ilegal sau fraudulos sau are vreun scop sau efect ilegal sau fraudulos.<\/p>\n\n\n\n<h2 class=\"wp-block-heading\">4. NOT\u0102 DE INFORMARE PRIVIND PROTEC\u021aIA DATELOR PERSONALE&nbsp;<\/h2>\n\n\n\n<p>4.1 Conform cerin\u021belor Legii nr. 677\/2001 pentru protec\u021bia persoanelor cu privire la prelucrarea datelor cu caracter personal \u0219i libera circula\u021bie a acestor date, modificat\u0103&nbsp;\u0219i completat\u0103&nbsp;\u0219i ale Legii nr. 506\/2004 privind prelucrarea datelor cu caracter personal \u0219i protec\u021bia&nbsp;vie\u021bii private \u00een sectorul comunica\u021biilor electronice FRF este \u00eenregistrat ca Operator Date cu Caracter Personal sub nr.&nbsp;<strong>32783&nbsp;<\/strong>\u0219i are obliga\u021bia de a administra \u00een condi\u021bii de siguran\u021b\u0103 \u0219i numai pentru scopurile specificate datele personale pe care ni le furniza\u021bi despre dumneavoastr\u0103, un membru al familiei dumneavoastr\u0103 ori o alt\u0103 persoan\u0103.<\/p>\n\n\n\n<p>4.2 Scopul colect\u0103rii datelor dvs. (nume, prenume, num\u0103r de telefon, adresa\/domiciliu pentru&nbsp;coresponden\u021b\u0103, adresa de e-mail) este acela de a \u00eendeplini opera\u021biunile de v\u00e2nzare-cump\u0103rare \u0219i de a asigura desf\u0103\u0219urarea activit\u0103\u021bilor de marketing \u0219i publicitate \u0219i \u00eendeplinirea obliga\u021biilor contractuale cu ter\u021bii. Utilizatorul are obliga\u021bia&nbsp;s\u0103 furnizeze datele<em>.<\/em>&nbsp;Refuzul de a comunica datele personale solicitate determin\u0103 imposibilitatea utiliz\u0103rii website-ului www.voluntar.frf.ro.<\/p>\n\n\n\n<p>4.3 Informa\u021biile \u00eenregistrate sunt destinate utiliz\u0103rii de c\u0103tre operator \u0219i sunt comunicate numai urm\u0103torilor destinatari: persoana vizat\u0103, angaja\u021bilor website-ului www.voluntar.frf.ro, alte persoane fizice sau juridice care prelucreaz\u0103 datele personale \u00een numele societ\u0103\u021bii (ex: avoca\u021bi, consultan\u021bi, contabili, auditori), parteneri contractuali ai societ\u0103\u021bii, organelor de poli\u021bie \u0219i autorit\u0103\u021bilor judec\u0103tore\u0219ti (la solicitarea acestora), societ\u0103\u021bi bancare (\u00een cazul \u00een care plata se \u00eencearc\u0103 \u0219i\/sau se efectueaz\u0103 prin card bancar) sau altor persoane fizice sau juridice impuse de Legea &nbsp;nr. 677\/2001.<\/p>\n\n\n\n<p>4.4 Informa\u021biile \u00eenregistrate ale utilizatorului sunt prelucrate \u0219i stocate \u00een platforma Mailchimp. Datele \u00eenregistrate de Mailchimp sunt folosite \u00een scopuri de email marketing. prin acceptarea termenilor si conditiilor site-ului voluntar.frf.ro sunte\u021bi de acord ca aplicatia Mailchimp sa prelucreze datele dumneavoastra. Pentru a \u00een\u021belege mai mult despre cum Mailchimp administreaz\u0103 datele dumneavoastr\u0103 verifica\u021bi&nbsp;<a href=\"https:\/\/mailchimp.com\/gdpr\/\">acest link<\/a>.<\/p>\n\n\n\n<p>4.5&nbsp;Prin \u00eenscrierea \u00een programul Team Behind the Team (programul de voluntariat al Federa\u021biei Rom\u00e2ne de Fotbal) \u00ee\u0219i manifest\u0103 acordul asupra \u00eenscrierii \u00een baza de data a sistemului Mailchimp (sistem prin care stoc\u0103m datele cu caracter personal ale utilizatorilor din Team Behind the Team), fiind de acord s\u0103 primi\u021bi&nbsp;din partea FRF newsletter cu informa\u021bii referitoare la programele de voluntariat ale FRF \u0219i alte servicii speciale. Publicitatea se poate realiza prin e-mail, po\u0219t\u0103 sau alte mijloace, dar f\u0103r\u0103 a se face abuz de acest drept. \u00cen cazul \u00een care nu se dore\u0219te primirea de mesaje publicitare acest lucru se poate face prin accesarea butonului \u201cDezabonare\u201d din cadrul newsletter-ului.&nbsp;<\/p>\n\n\n\n<p><br><strong>FRF SE OBLIG\u0102 S\u0102 NU TRIMIT\u0102 MESAJE PUBLICITARE CARE CON\u021aIN: MATERIALE CU CON\u021aINUT DESTINAT ADUL\u021aILOR SAU MATERIALE PRIN CARE SE \u00ceNCEARCA FRAUDAREA UTILIZATORULUI.&nbsp;<\/strong><\/p>\n\n\n\n<p><br>Conform Legii nr. 677\/2001, utilizatorul beneficiaz\u0103 de dreptul de acces, de interven\u021bie asupra datelor, dreptul de a nu fi supus unei decizii individuale \u0219i dreptul de a se adresa justi\u021biei. Totodat\u0103, utilizatorul are dreptul de a se opune prelucr\u0103rii datelor personale care \u00eel&nbsp;privesc \u0219i s\u0103 solicite \u0219tergerea datelor. Pentru exercitarea acestor drepturi, se va adresa cu o cerere scris\u0103, datat\u0103&nbsp;\u0219i semnat\u0103 adresat\u0103 de e-mail&nbsp;<a href=\"mailto:echipafrf@frf.ro\">echipafrf@frf.ro<\/a>.<\/p>\n\n\n\n<p>Dac\u0103 unele din datele personale ale utilizatorului sunt incorecte, v\u0103 rug\u0103m s\u0103 ne informa\u021bi c\u00e2t mai cur\u00e2nd posibil.<\/p>\n\n\n\n<p><strong><em>Observa\u021bie:<\/em><\/strong><\/p>\n\n\n\n<p><em>Orice persoan\u0103 are dreptul de a se opune, pentru motive legitime, la prelucrarea datelor ce o privesc. Acest drept de opozi\u021bie poate fi exclus pentru anumite prelucr\u0103ri prev\u0103zute de lege (de ex.: prelucr\u0103ri efectuate de serviciile financiare \u0219i fiscale, de poli\u021bie, justi\u021bie, securitate social\u0103). Prin urmare, aceast\u0103 men\u021biune nu poate figura dac\u0103 prelucrarea are un caracter obligatoriu; orice persoan\u0103 are, de asemenea, dreptul de a se opune, \u00een mod gratuit \u0219i f\u0103r\u0103 nici o justificare, la prelucr\u0103rile datelor sale personale \u00een scopuri de marketing direct.<\/em><\/p>\n\n\n\n<h2 class=\"wp-block-heading\">5. Politica de confiden\u021bialitate<\/h2>\n\n\n\n<p>Voluntar.frf.ro \u00ee\u0219i rezerv\u0103 dreptul de a folosi datele colectate de la utilizatorii s\u0103i pentru \u00eembun\u0103t\u0103\u021birea serviciilor propria. Voluntar.frf.ro garanteaz\u0103 utilizatorilor c\u0103 nu va face publice adresele de e-mail sau datele personale c\u0103tre ter\u021bi (toate comunic\u0103rile comerciale descrise la punctul 3 se vor face prin intermediul Voluntar.frf.ro \u0219i alte platforme din ecosistemul digital al FRF). De asemenea, Voluntar.frf.ro \u00ee\u0219i rezerv\u0103 dreptul de a face publice aceste date sub forma statistic\u0103, pentru a arata profilul utilizatorilor s\u0103i.<br>La cererea expres\u0103 a unor autorit\u0103\u021bi ale Statului Rom\u00e2n (instan\u021bele judec\u0103tore\u0219ti, Poli\u021bia, reprezentan\u021bii Ministerului Public sau alte autorit\u0103\u021bi abilitate \u00een acest sens), www.voluntar.frf.ro \u00ee\u0219i rezerv\u0103 dreptul de a furniza acestora toate datele pe care le de\u021bine cu privire la un anumit utilizator.&nbsp;<br><br><br><strong><\/strong><\/p>\n\n\n\n<h2 class=\"wp-block-heading\">6. Denun\u021barea garan\u021biilor<\/h2>\n\n\n\n<p>FRF\/Voluntar.frf.ro nu ofer\u0103 nici o garan\u021bie \u00een cazul oric\u0103ror consecin\u021be care pot ap\u0103rea, cauzate de nefunc\u021bionarea serviciilor FRF\/Voluntar.frf.ro unor cauze independente de voin\u021ba FRF\/Voluntar.frf.ro<\/p>\n\n\n\n<h2 class=\"wp-block-heading\">&nbsp;<br>7. Limitarea r\u0103spunderilor<\/h2>\n\n\n\n<p>FRF\/Voluntar.frf.ro nu \u00ee\u0219i asum\u0103 sub nici o form\u0103 \u0219i \u00een nici un sens r\u0103spunderea pentru con\u021binutul site-urilor care au link-uri pe Voluntar.frf.ro sau care au orice alt tip de leg\u0103tur\u0103 (de ex.: sponsori, parteneri) cu website-ul www.voluntar.frf.ro.<\/p>\n\n\n\n<h2 class=\"wp-block-heading\"><br>8. For\u021b\u0103 major\u0103<\/h2>\n\n\n\n<p>For\u021ba major\u0103 \u00eenseamn\u0103 orice eveniment care nu poate fi prev\u0103zut, controlat sau remediat de c\u0103tre FRF\/Voluntar.frf.ro, inclusiv imposibilitatea FRF\/Voluntar.frf.ro din motive independente de voin\u021ba sa \u0219i a c\u0103rui apari\u021bie \u00eel pune pe acesta din urm\u0103 \u00een imposibilitatea de a-\u0219i \u00eendeplini obliga\u021biile aferente comenzilor efectuate de utilizatori.<\/p>\n\n\n\n<h2 class=\"wp-block-heading\">9. Litigii<\/h2>\n\n\n\n<p>Eventualele litigii ap\u0103rute \u00eentre utilizatori \u0219i FRF\/Voluntar.frf.ro se vor solu\u021biona pe cale amiabil\u0103, iar \u00een cazul \u00een care aceasta nu va fi posibil\u0103, litigiile vor fi solu\u021bionate \u00een instan\u021bele judec\u0103tore\u0219ti rom\u00e2ne competente din municipiul Bucure\u0219ti. Eventualele reclama\u021bii se vor comunica \u00een scris pe adresa de e-mail:&nbsp;<a href=\"mailto:echipafrf@frf.ro\">echipafrf@frf.ro<\/a>&nbsp;\u00een maxim 3 zile de la data la care utilizatorul a luat cuno\u0219tin\u021b\u0103 de motivul pentru care dore\u0219te s\u0103 formuleze o reclama\u021bie. Dup\u0103 expirarea acestui termen, FRF\/Voluntar.frf.ro&nbsp;nu va mai lua \u00een considerare nicio reclama\u021bie.<\/p>\n\n\n\n<h2 class=\"wp-block-heading\">10. Condi\u021bii finale<\/h2>\n\n\n\n<p>Utilizatorul are obliga\u021bia de a furniza informa\u021bii reale \u0219i corecte despre persoana sa, atunci c\u00e2nd acestea i se cer, sub rezerva excluderii din baza de date.<br>FRF\/Voluntar.frf.ro \u00ee\u0219i rezerv\u0103 dreptul de a modifica \u00een orice moment \u201eTermenii \u0219i condi\u021biile\u201d f\u0103r\u0103 o notificare prealabil\u0103.&nbsp;<br>FRF\/Voluntar.frf.ro poate restric\u021biona accesul oric\u0103rui utilizator care nu respect\u0103 una din condi\u021biile de mai sus. De asemenea, FRF\/Voluntar.frf.ro poate alege \u00een orice moment \u00eencetarea furniz\u0103rii serviciilor oferite \u00een website-ul www.voluntar.frf.ro.<\/p>\n","protected":false},"excerpt":{"rendered":"<p>Condi\u021bii generale pentru utilizarea site-ului www.voluntar.frf.ro 1. Acceptarea condi\u021biilor \u0219i serviciilor Prin accesarea acestui site web \u0219i\/sau oric\u0103rei pagini a acestuia sunte\u021bi de acord cu aceste condi\u021bii de utilizare. Dac\u0103 nu sunte\u021bi de acord cu termenii \u0219i condi\u021biile, v\u0103 rug\u0103m s\u0103 nu utiliza\u021bi acest site. Accesul dvs. \u0219i utilizarea website-ului nostru sunt supuse \u0219i reglementate [&hellip;]<\/p>\n","protected":false},"author":1,"featured_media":0,"parent":0,"menu_order":0,"comment_status":"closed","ping_status":"closed","template":"","meta":{"inline_featured_image":false,"footnotes":""},"class_list":["post-590","page","type-page","status-publish","hentry"],"acf":[],"yoast_head":"<!-- This site is optimized with the Yoast SEO plugin v24.1 - https:\/\/yoast.com\/wordpress\/plugins\/seo\/ -->\n<title>Terms and Conditions - FRF Voluntari<\/title>\n<meta name=\"robots\" content=\"index, follow, max-snippet:-1, max-image-preview:large, max-video-preview:-1\" \/>\n<link rel=\"canonical\" href=\"https:\/\/voluntar.frf.ro\/en\/terms-and-conditions\/\" \/>\n<meta property=\"og:locale\" content=\"en_US\" \/>\n<meta property=\"og:type\" content=\"article\" \/>\n<meta property=\"og:title\" content=\"Terms and Conditions - FRF Voluntari\" \/>\n<meta property=\"og:description\" content=\"Condi\u021bii generale pentru utilizarea site-ului www.voluntar.frf.ro 1. Acceptarea condi\u021biilor \u0219i serviciilor Prin accesarea acestui site web \u0219i\/sau oric\u0103rei pagini a acestuia sunte\u021bi de acord cu aceste condi\u021bii de utilizare. Dac\u0103 nu sunte\u021bi de acord cu termenii \u0219i condi\u021biile, v\u0103 rug\u0103m s\u0103 nu utiliza\u021bi acest site. Accesul dvs. \u0219i utilizarea website-ului nostru sunt supuse \u0219i reglementate [&hellip;]\" \/>\n<meta property=\"og:url\" content=\"https:\/\/voluntar.frf.ro\/en\/terms-and-conditions\/\" \/>\n<meta property=\"og:site_name\" content=\"FRF Voluntari\" \/>\n<meta property=\"article:modified_time\" content=\"2022-09-21T15:33:34+00:00\" \/>\n<meta name=\"twitter:card\" content=\"summary_large_image\" \/>\n<meta name=\"twitter:label1\" content=\"Est. reading time\" \/>\n\t<meta name=\"twitter:data1\" content=\"9 minutes\" \/>\n<script type=\"application\/ld+json\" class=\"yoast-schema-graph\">{\"@context\":\"https:\/\/schema.org\",\"@graph\":[{\"@type\":\"WebPage\",\"@id\":\"https:\/\/voluntar.frf.ro\/en\/terms-and-conditions\/\",\"url\":\"https:\/\/voluntar.frf.ro\/en\/terms-and-conditions\/\",\"name\":\"Terms and Conditions - FRF Voluntari\",\"isPartOf\":{\"@id\":\"https:\/\/voluntar.frf.ro\/en\/#website\"},\"datePublished\":\"2022-09-21T14:44:14+00:00\",\"dateModified\":\"2022-09-21T15:33:34+00:00\",\"breadcrumb\":{\"@id\":\"https:\/\/voluntar.frf.ro\/en\/terms-and-conditions\/#breadcrumb\"},\"inLanguage\":\"en-US\",\"potentialAction\":[{\"@type\":\"ReadAction\",\"target\":[\"https:\/\/voluntar.frf.ro\/en\/terms-and-conditions\/\"]}]},{\"@type\":\"BreadcrumbList\",\"@id\":\"https:\/\/voluntar.frf.ro\/en\/terms-and-conditions\/#breadcrumb\",\"itemListElement\":[{\"@type\":\"ListItem\",\"position\":1,\"name\":\"Prima pagin\u0103\",\"item\":\"https:\/\/voluntar.frf.ro\/en\/\"},{\"@type\":\"ListItem\",\"position\":2,\"name\":\"Terms and Conditions\"}]},{\"@type\":\"WebSite\",\"@id\":\"https:\/\/voluntar.frf.ro\/en\/#website\",\"url\":\"https:\/\/voluntar.frf.ro\/en\/\",\"name\":\"FRF Voluntari\",\"description\":\"Team Behind the Team\",\"potentialAction\":[{\"@type\":\"SearchAction\",\"target\":{\"@type\":\"EntryPoint\",\"urlTemplate\":\"https:\/\/voluntar.frf.ro\/en\/?s={search_term_string}\"},\"query-input\":{\"@type\":\"PropertyValueSpecification\",\"valueRequired\":true,\"valueName\":\"search_term_string\"}}],\"inLanguage\":\"en-US\"}]}<\/script>\n<!-- \/ Yoast SEO plugin. -->","yoast_head_json":{"title":"Terms and Conditions - FRF Voluntari","robots":{"index":"index","follow":"follow","max-snippet":"max-snippet:-1","max-image-preview":"max-image-preview:large","max-video-preview":"max-video-preview:-1"},"canonical":"https:\/\/voluntar.frf.ro\/en\/terms-and-conditions\/","og_locale":"en_US","og_type":"article","og_title":"Terms and Conditions - FRF Voluntari","og_description":"Condi\u021bii generale pentru utilizarea site-ului www.voluntar.frf.ro 1. Acceptarea condi\u021biilor \u0219i serviciilor Prin accesarea acestui site web \u0219i\/sau oric\u0103rei pagini a acestuia sunte\u021bi de acord cu aceste condi\u021bii de utilizare. Dac\u0103 nu sunte\u021bi de acord cu termenii \u0219i condi\u021biile, v\u0103 rug\u0103m s\u0103 nu utiliza\u021bi acest site. Accesul dvs. \u0219i utilizarea website-ului nostru sunt supuse \u0219i reglementate [&hellip;]","og_url":"https:\/\/voluntar.frf.ro\/en\/terms-and-conditions\/","og_site_name":"FRF Voluntari","article_modified_time":"2022-09-21T15:33:34+00:00","twitter_card":"summary_large_image","twitter_misc":{"Est. reading time":"9 minutes"},"schema":{"@context":"https:\/\/schema.org","@graph":[{"@type":"WebPage","@id":"https:\/\/voluntar.frf.ro\/en\/terms-and-conditions\/","url":"https:\/\/voluntar.frf.ro\/en\/terms-and-conditions\/","name":"Terms and Conditions - FRF Voluntari","isPartOf":{"@id":"https:\/\/voluntar.frf.ro\/en\/#website"},"datePublished":"2022-09-21T14:44:14+00:00","dateModified":"2022-09-21T15:33:34+00:00","breadcrumb":{"@id":"https:\/\/voluntar.frf.ro\/en\/terms-and-conditions\/#breadcrumb"},"inLanguage":"en-US","potentialAction":[{"@type":"ReadAction","target":["https:\/\/voluntar.frf.ro\/en\/terms-and-conditions\/"]}]},{"@type":"BreadcrumbList","@id":"https:\/\/voluntar.frf.ro\/en\/terms-and-conditions\/#breadcrumb","itemListElement":[{"@type":"ListItem","position":1,"name":"Prima pagin\u0103","item":"https:\/\/voluntar.frf.ro\/en\/"},{"@type":"ListItem","position":2,"name":"Terms and Conditions"}]},{"@type":"WebSite","@id":"https:\/\/voluntar.frf.ro\/en\/#website","url":"https:\/\/voluntar.frf.ro\/en\/","name":"FRF Voluntari","description":"Team Behind the Team","potentialAction":[{"@type":"SearchAction","target":{"@type":"EntryPoint","urlTemplate":"https:\/\/voluntar.frf.ro\/en\/?s={search_term_string}"},"query-input":{"@type":"PropertyValueSpecification","valueRequired":true,"valueName":"search_term_string"}}],"inLanguage":"en-US"}]}},"_links":{"self":[{"href":"https:\/\/voluntar.frf.ro\/en\/wp-json\/wp\/v2\/pages\/590","targetHints":{"allow":["GET"]}}],"collection":[{"href":"https:\/\/voluntar.frf.ro\/en\/wp-json\/wp\/v2\/pages"}],"about":[{"href":"https:\/\/voluntar.frf.ro\/en\/wp-json\/wp\/v2\/types\/page"}],"author":[{"embeddable":true,"href":"https:\/\/voluntar.frf.ro\/en\/wp-json\/wp\/v2\/users\/1"}],"replies":[{"embeddable":true,"href":"https:\/\/voluntar.frf.ro\/en\/wp-json\/wp\/v2\/comments?post=590"}],"version-history":[{"count":0,"href":"https:\/\/voluntar.frf.ro\/en\/wp-json\/wp\/v2\/pages\/590\/revisions"}],"wp:attachment":[{"href":"https:\/\/voluntar.frf.ro\/en\/wp-json\/wp\/v2\/media?parent=590"}],"curies":[{"name":"wp","href":"https:\/\/api.w.org\/{rel}","templated":true}]}}